{"id":13,"date":"2012-02-27T16:41:52","date_gmt":"2012-02-27T16:41:52","guid":{"rendered":"http:\/\/mobilis.co.rs\/?page_id=13"},"modified":"2024-11-08T10:43:11","modified_gmt":"2024-11-08T10:43:11","slug":"facilitation","status":"publish","type":"page","link":"https:\/\/mobilis.co.rs\/?page_id=13","title":{"rendered":"Facilitation"},"content":{"rendered":"<p><strong>We facilitate:<\/strong><\/p>\n<ul>\n<li>creative sessions<\/li>\n<li>staff-retreats<\/li>\n<\/ul>\n<p>Here you can see how our Facilitation Training looks like:<\/p>\n<p><a href=\"http:\/\/www.youtube.com\/watch?v=plCB7oP918U\" target=\"_blank\" rel=\"noopener\">Training for LRF za Pomurje, Slovenia, October 2013<\/a><\/p>\n<p>We have been mentors to new facilitators for more than 15 years:<\/p>\n<p><a href=\"http:\/\/mobilis.co.rs\/wp-content\/uploads\/2012\/05\/IAF_newsletter_may_20123.pdf\" target=\"_blank\" rel=\"noopener\">Mentoring program for facilitators from BiH for Future Search Workshop, 2011<\/a><\/p>\n<p><strong>Publications<\/strong><\/p>\n<p>Manual\u00a0in Bosnian language &#8220;Facilitation&#8221;, published October 2013 for 1st International Facilitation Week, was edited by Mobilis team and we contrited as authors too. Authors are members of IAF BiH trained in 3 modules by Mobilis Ltd. It was published by Friedrich Ebert Foundation, BiH.<\/p>\n<p>First book in Bosnian language &#8220;&#8221;Facilitation-An Introduction&#8221; was published in 2011, thanks to Women to Women and Friedrich Ebert Foundation, BiH<\/p>\n<p>You can download manual <a href=\"https:\/\/library.fes.de\/pdf-files\/bueros\/sarajevo\/10389.pdf\" target=\"_blank\" rel=\"noopener\">here<\/a>.<\/p>\n<p><strong>MOBILIS new methods:<\/strong><\/p>\n<ul>\n<li><a href=\"http:\/\/mobilis.co.rs\/wp-content\/uploads\/2012\/02\/Turn-poem-into-keywords-mobilis2010.doc\">&#8220;Turn Poem into Keywords&#8221;<\/a><\/li>\n<li><a href=\"http:\/\/mobilis.co.rs\/wp-content\/uploads\/2012\/02\/gratitude-wall-mobilis2008.doc\">&#8220;Gratitude Wall&#8221;<\/a><\/li>\n<li><a href=\"http:\/\/mobilis.co.rs\/wp-content\/uploads\/2012\/02\/worst-and-best-scenario-mobilis2010.doc\">&#8220;Worst and best Scenario&#8221;<\/a><\/li>\n<li><a href=\"http:\/\/mobilis.co.rs\/wp-content\/uploads\/2012\/02\/department-stress-mobilis2007.doc\">&#8220;Department stress&#8221;<\/a><\/li>\n<li><a href=\"http:\/\/mobilis.co.rs\/wp-content\/uploads\/2012\/02\/I-do-well-and-I-should-improve-mobilis2007.doc\">&#8220;I do well and I should improve&#8221;<\/a><\/li>\n<li><a href=\"http:\/\/mobilis.co.rs\/wp-content\/uploads\/2012\/02\/sectors-love-each-other-mobilis2007.doc\">&#8221; Sectors love each other &#8220;<\/a><\/li>\n<\/ul>\n<p><strong>Professional Associations<\/strong><\/p>\n<p>Our facilitators\u00a0 were members of <a href=\"https:\/\/www.iaf-world.org\/site\/home\/iaf-world\" target=\"_blank\" rel=\"noopener noreferrer\">International Association of Facilitators<\/a> (IAF) for more than 10 years. We were among those who established IAF Serbia and were active member in the association for many years.<\/p>\n<p>A few of our articles were published in IAF Newsletter since 2008. Sla\u0111ana Milo\u0161evi\u0107 was IAF Global Member of the Month, August 2012 (more info at: <a href=\"http:\/\/mobilis.co.rs\/?page_id=313\">http:\/\/mobilis.co.rs\/about-us\/press-release\/<\/a>)<\/p>\n","protected":false},"excerpt":{"rendered":"<p>We facilitate: creative sessions staff-retreats Here you can see how our Facilitation Training looks like: Training for LRF za Pomurje, Slovenia, October 2013 We have been mentors to new facilitators for more than 15 years: Mentoring program for facilitators from &hellip; <a href=\"https:\/\/mobilis.co.rs\/?page_id=13\">Continue reading <span class=\"meta-nav\">&rarr;<\/span><\/a><\/p>\n","protected":false},"author":1,"featured_media":0,"parent":0,"menu_order":4,"comment_status":"closed","ping_status":"closed","template":"","meta":{"footnotes":""},"class_list":["post-13","page","type-page","status-publish","hentry"],"_links":{"self":[{"href":"https:\/\/mobilis.co.rs\/index.php?rest_route=\/wp\/v2\/pages\/13"}],"collection":[{"href":"https:\/\/mobilis.co.rs\/index.php?rest_route=\/wp\/v2\/pages"}],"about":[{"href":"https:\/\/mobilis.co.rs\/index.php?rest_route=\/wp\/v2\/types\/page"}],"author":[{"embeddable":true,"href":"https:\/\/mobilis.co.rs\/index.php?rest_route=\/wp\/v2\/users\/1"}],"replies":[{"embeddable":true,"href":"https:\/\/mobilis.co.rs\/index.php?rest_route=%2Fwp%2Fv2%2Fcomments&post=13"}],"version-history":[{"count":45,"href":"https:\/\/mobilis.co.rs\/index.php?rest_route=\/wp\/v2\/pages\/13\/revisions"}],"predecessor-version":[{"id":1504,"href":"https:\/\/mobilis.co.rs\/index.php?rest_route=\/wp\/v2\/pages\/13\/revisions\/1504"}],"wp:attachment":[{"href":"https:\/\/mobilis.co.rs\/index.php?rest_route=%2Fwp%2Fv2%2Fmedia&parent=13"}],"curies":[{"name":"wp","href":"https:\/\/api.w.org\/{rel}","templated":true}]}}