{"id":251,"date":"2012-05-05T11:02:00","date_gmt":"2012-05-05T11:02:00","guid":{"rendered":"http:\/\/mobilis.co.rs\/?page_id=251"},"modified":"2025-04-08T14:03:45","modified_gmt":"2025-04-08T14:03:45","slug":"mentoring","status":"publish","type":"page","link":"https:\/\/mobilis.co.rs\/?page_id=251","title":{"rendered":"Mentoring"},"content":{"rendered":"<p><strong>Mentoring programs<\/strong><span style=\"color: #800000;\"> &#8211; <\/span>we designed and coordinated a few mentoring programs and we are business partners of international mentoring programs.<\/p>\n<p><strong>Mentoring Skills trainings we have designed and delivered:<\/strong><\/p>\n<p>&#8211; Mentoring Program for Facilitators Networks in Serbia and Bosnia and Herzegovina (started Feb 2015)<\/p>\n<p>&#8211; Mentoring Skills Program for Employees at City Center for Social Entrepreneurship, Belgrade, Serbia, 2014<\/p>\n<p>&#8211; <a href=\"http:\/\/mobilis.co.rs\/wp-content\/uploads\/2012\/05\/IAF_newsletter_may_20123.pdf\" target=\"_blank\" rel=\"noopener\">Mentoring program for facilitators from BiH for Future Search Workshop, 2011<\/a>\u00a0(<a title=\"IAF Global Flipchart\" href=\"http:\/\/www.iaf-world.org\/Libraries\/2012_Global_FlipChart\/JuneGFCFinal.sflb.ashx\">IAF Global Flipchart<\/a>)<\/p>\n<p>&#8211; PSTech Business Incubator mentoring program, 2010<\/p>\n<p>&#8211; Association of Business Woman of Serbia- First mentoring program for the Association, 2009<\/p>\n<p><strong>We are business partners of following international mentoring programs:<\/strong><\/p>\n<p>&#8211; <a href=\"http:\/\/cross-mentoring.net\" target=\"_blank\" rel=\"noopener noreferrer\">International Cross-Mentoring Program for Women at Board Levels<\/a>, 2009 &#8211; 2014<\/p>\n<p>(<a href=\"http:\/\/mobilis.co.rs\/wp-content\/uploads\/2012\/05\/International-Mentoring-Conference-Luxembourg-2013-v51.doc\">International Mentoring Conference Luxembourg, January 21st, 2013<\/a>)<\/p>\n<p><strong>Who trained us? Our mentors<\/strong><\/p>\n<p>In 2009 Sla\u0111ana Milo\u0161evi\u0107 attendined mentoring training in UK, at Clutterbuck Associates, by David Cluttebuck.<\/p>\n<p><strong>Our publications:<\/strong><\/p>\n<p>Our publication in Serbian: <a href=\"http:\/\/mobilis.co.rs\/wp-content\/uploads\/2020\/11\/prirucnik-za-mentorstvo-mobilis2020.pdf\" target=\"_blank\" rel=\"noopener\">Priru\u010dnik za mentorstvo.<\/a><\/p>\n<p>Mentoring for Job Induction available upon request: <a href=\"mailto:sladjana.milosevic@mobilis.co.rs\">sladjana.milosevic@mobilis.co.rs<\/a><\/p>\n<p>We are <strong>business partners<\/strong> of:<\/p>\n<ul>\n<li><a href=\"http:\/\/mentoring.lu\/lang_en\/\" target=\"_blank\" rel=\"noopener noreferrer\">One day mentoring<\/a><\/li>\n<li><a href=\"http:\/\/femaleboardpool.eu\" target=\"_blank\" rel=\"noopener noreferrer\">Female Board Pool EU<\/a><\/li>\n<\/ul>\n<p>Sla\u0111ana Milo\u0161evi\u0107 is registered at database of IFPM Center for Corporate Governance at the University of St. Gallen, Switzerland (<a href=\"http:\/\/www.female-board-pool.com\" target=\"_blank\" rel=\"noopener\">www.female-board-pool.com<\/a>), linked with Female Board Pool initiative (<a href=\"http:\/\/www.femaleboardpool.eu\" target=\"_blank\" rel=\"noopener\">www.femaleboardpool.eu<\/a>) (attended seminar in March 2011 in Luxembourg). The Female Board Pool is a platform for the contact between experienced and future female board members and corporations and organisations.<\/p>\n<p>Female Board Pool Seminar, Luxembourg, January 22nd, 2013<\/p>\n<p><a href=\"http:\/\/mobilis.co.rs\/wp-content\/uploads\/2012\/05\/cross-mentoring-luxembourg2013-5-fb.jpg\"><img loading=\"lazy\" decoding=\"async\" class=\"aligncenter size-medium wp-image-699\" src=\"http:\/\/mobilis.co.rs\/wp-content\/uploads\/2012\/05\/cross-mentoring-luxembourg2013-5-fb-300x200.jpg\" alt=\"cross mentoring luxembourg2013 (5) fb\" width=\"300\" height=\"200\" srcset=\"https:\/\/mobilis.co.rs\/wp-content\/uploads\/2012\/05\/cross-mentoring-luxembourg2013-5-fb-300x200.jpg 300w, https:\/\/mobilis.co.rs\/wp-content\/uploads\/2012\/05\/cross-mentoring-luxembourg2013-5-fb-1024x682.jpg 1024w, https:\/\/mobilis.co.rs\/wp-content\/uploads\/2012\/05\/cross-mentoring-luxembourg2013-5-fb.jpg 1282w\" sizes=\"(max-width: 300px) 100vw, 300px\" \/><\/a><\/p>\n<p>With Luxembourgh Minister for Equal Opportunities at Female Board Pool seminar, Luxembourg, January 2013<\/p>\n","protected":false},"excerpt":{"rendered":"<p>Mentoring programs &#8211; we designed and coordinated a few mentoring programs and we are business partners of international mentoring programs. Mentoring Skills trainings we have designed and delivered: &#8211; Mentoring Program for Facilitators Networks in Serbia and Bosnia and Herzegovina &hellip; <a href=\"https:\/\/mobilis.co.rs\/?page_id=251\">Continue reading <span class=\"meta-nav\">&rarr;<\/span><\/a><\/p>\n","protected":false},"author":2,"featured_media":0,"parent":11,"menu_order":7,"comment_status":"closed","ping_status":"closed","template":"","meta":{"footnotes":""},"class_list":["post-251","page","type-page","status-publish","hentry"],"_links":{"self":[{"href":"https:\/\/mobilis.co.rs\/index.php?rest_route=\/wp\/v2\/pages\/251"}],"collection":[{"href":"https:\/\/mobilis.co.rs\/index.php?rest_route=\/wp\/v2\/pages"}],"about":[{"href":"https:\/\/mobilis.co.rs\/index.php?rest_route=\/wp\/v2\/types\/page"}],"author":[{"embeddable":true,"href":"https:\/\/mobilis.co.rs\/index.php?rest_route=\/wp\/v2\/users\/2"}],"replies":[{"embeddable":true,"href":"https:\/\/mobilis.co.rs\/index.php?rest_route=%2Fwp%2Fv2%2Fcomments&post=251"}],"version-history":[{"count":53,"href":"https:\/\/mobilis.co.rs\/index.php?rest_route=\/wp\/v2\/pages\/251\/revisions"}],"predecessor-version":[{"id":1489,"href":"https:\/\/mobilis.co.rs\/index.php?rest_route=\/wp\/v2\/pages\/251\/revisions\/1489"}],"up":[{"embeddable":true,"href":"https:\/\/mobilis.co.rs\/index.php?rest_route=\/wp\/v2\/pages\/11"}],"wp:attachment":[{"href":"https:\/\/mobilis.co.rs\/index.php?rest_route=%2Fwp%2Fv2%2Fmedia&parent=251"}],"curies":[{"name":"wp","href":"https:\/\/api.w.org\/{rel}","templated":true}]}}