{"id":27,"date":"2012-02-27T16:56:36","date_gmt":"2012-02-27T16:56:36","guid":{"rendered":"http:\/\/mobilis.co.rs\/?page_id=27"},"modified":"2026-01-14T08:29:39","modified_gmt":"2026-01-14T08:29:39","slug":"about-us","status":"publish","type":"page","link":"https:\/\/mobilis.co.rs\/","title":{"rendered":"About Us"},"content":{"rendered":"<p><strong>Mobilis Ltd<\/strong> is established in August 2005 in Serbia, as a small, family-owned firm.<\/p>\n<p>We provide coaching\/mentoring\/supervision, auditing and consulting services.<\/p>\n<p>We build long-life relationships with our clients\/partners.<\/p>\n<p>We gather team of international coaches, mentors, supervisors, facilitators and auditors.<\/p>\n<p>Mobilis has expanded its core activities to:<\/p>\n<ul>\n<li>Coaching and Mentoring<\/li>\n<li>Coach\/Mentor Supervision<\/li>\n<li>Forestry Management and Chain of Custody (in Wood Industry) Audits<\/li>\n<li>Facilitation<\/li>\n<li>Tax and Financial Advisory Services<\/li>\n<\/ul>\n<p><a href=\"http:\/\/mobilis.co.rs\/wp-content\/uploads\/2012\/05\/DSC_0015.jpg\"><img loading=\"lazy\" decoding=\"async\" class=\"alignleft size-thumbnail wp-image-907\" src=\"http:\/\/mobilis.co.rs\/wp-content\/uploads\/2012\/05\/DSC_0015-150x150.jpg\" alt=\"\" width=\"150\" height=\"150\" \/><\/a><\/p>\n<p><a href=\"http:\/\/mobilis.co.rs\/wp-content\/uploads\/2026\/01\/EU-CV-smilosevic2026-1.pdf\">EU CV smilosevic2026<\/a><\/p>\n<p><a title=\"Recommendations - Sla\u0111ana Milo\u0161evi\u0107\" href=\"http:\/\/www.linkedin.com\/profile\/edit?trk=tab_pro\" target=\"_blank\" rel=\"noopener noreferrer\">Recommendations at LinkedIn<\/a><\/p>\n<p><a href=\"http:\/\/mobilis.co.rs\/wp-content\/uploads\/2012\/05\/DSC_0015.jpg\"><span style=\"display: inline !important; float: none; background-color: #ffffff; color: #444444; cursor: text; font-family: Georgia,'Bitstream Charter',serif; font-size: 16px; font-style: normal; font-variant: normal; font-weight: 400; letter-spacing: normal; line-height: 1.5; orphans: 2; text-align: left; text-decoration: none; text-indent: 0px; text-transform: none; -webkit-text-stroke-width: 0px; white-space: normal; word-spacing: 0px;\">Coach\/Supervisor profile: <\/span><\/a><a href=\"https:\/\/www.emccouncil.org\/directory\/view\/32\/?record_type=1\" target=\"_blank\" rel=\"noopener noreferrer\">Sla\u0111ana Milo\u0161evi\u0107<\/a><\/p>\n<p><a href=\"http:\/\/mobilis.co.rs\/wp-content\/uploads\/2012\/05\/DSC_0043.jpg\"><img loading=\"lazy\" decoding=\"async\" class=\"alignleft wp-image-908 size-thumbnail\" title=\"Bojan Djuric\" src=\"http:\/\/mobilis.co.rs\/wp-content\/uploads\/2012\/05\/DSC_0043-150x150.jpg\" alt=\"\" width=\"150\" height=\"150\" \/><\/a><\/p>\n<p>Bojan Djuri\u0107<\/p>\n<div id=\"attachment_38\" style=\"width: 160px\" class=\"wp-caption alignleft\"><a href=\"http:\/\/mobilis.co.rs\/wp-content\/uploads\/2012\/02\/tk.jpg\"><img loading=\"lazy\" decoding=\"async\" aria-describedby=\"caption-attachment-38\" class=\"size-thumbnail wp-image-38 \" title=\"Tanja Kovandzic\" src=\"http:\/\/mobilis.co.rs\/wp-content\/uploads\/2012\/02\/tk-150x150.jpg\" alt=\"\" width=\"150\" height=\"150\" \/><\/a><p id=\"caption-attachment-38\" class=\"wp-caption-text\">Tatjana Kovand\u017ei\u0107, Accountant\/Tax Advisor<\/p><\/div>\n","protected":false},"excerpt":{"rendered":"<p>Mobilis Ltd is established in August 2005 in Serbia, as a small, family-owned firm. We provide coaching\/mentoring\/supervision, auditing and consulting services. We build long-life relationships with our clients\/partners. We gather team of international coaches, mentors, supervisors, facilitators and auditors. Mobilis &hellip; <a href=\"https:\/\/mobilis.co.rs\/\">Continue reading <span class=\"meta-nav\">&rarr;<\/span><\/a><\/p>\n","protected":false},"author":1,"featured_media":0,"parent":0,"menu_order":1,"comment_status":"closed","ping_status":"closed","template":"","meta":{"footnotes":""},"class_list":["post-27","page","type-page","status-publish","hentry"],"_links":{"self":[{"href":"https:\/\/mobilis.co.rs\/index.php?rest_route=\/wp\/v2\/pages\/27"}],"collection":[{"href":"https:\/\/mobilis.co.rs\/index.php?rest_route=\/wp\/v2\/pages"}],"about":[{"href":"https:\/\/mobilis.co.rs\/index.php?rest_route=\/wp\/v2\/types\/page"}],"author":[{"embeddable":true,"href":"https:\/\/mobilis.co.rs\/index.php?rest_route=\/wp\/v2\/users\/1"}],"replies":[{"embeddable":true,"href":"https:\/\/mobilis.co.rs\/index.php?rest_route=%2Fwp%2Fv2%2Fcomments&post=27"}],"version-history":[{"count":174,"href":"https:\/\/mobilis.co.rs\/index.php?rest_route=\/wp\/v2\/pages\/27\/revisions"}],"predecessor-version":[{"id":1537,"href":"https:\/\/mobilis.co.rs\/index.php?rest_route=\/wp\/v2\/pages\/27\/revisions\/1537"}],"wp:attachment":[{"href":"https:\/\/mobilis.co.rs\/index.php?rest_route=%2Fwp%2Fv2%2Fmedia&parent=27"}],"curies":[{"name":"wp","href":"https:\/\/api.w.org\/{rel}","templated":true}]}}