{"id":313,"date":"2012-05-05T13:29:56","date_gmt":"2012-05-05T13:29:56","guid":{"rendered":"http:\/\/mobilis.co.rs\/?page_id=313"},"modified":"2024-11-07T13:40:16","modified_gmt":"2024-11-07T13:40:16","slug":"press-release","status":"publish","type":"page","link":"https:\/\/mobilis.co.rs\/?page_id=313","title":{"rendered":"Press Release"},"content":{"rendered":"<p><strong>International<\/strong><\/p>\n<address>Bolu\u00a0Orman\u00a0Audit, Turkey,\u00a0November 2013<\/address><address><a href=\"http:\/\/www.pomurec.com\/vsebina\/19742\/FOTO:_Na_delavnici_facilitiranja_%C2%BBolajsali%C2%AB_povezave_med_ljudmi\" target=\"_blank\" rel=\"noopener noreferrer\">Pomurec, Slovenia, October 2014<\/a><\/address><address>Bursa Orman B\u00f6lge M\u00fcd\u00fcrl\u00fc\u011f\u00fc, Turkey, June 2013<\/address><address><a href=\"http:\/\/mobilis.co.rs\/wp-content\/uploads\/2012\/05\/IAF_newsletter_february_13.pdf\" target=\"_blank\" rel=\"noopener noreferrer\">IAF Newsletter February<\/a>\u00a02013 (page 10)<\/address><address>Kastamonu Orman B\u00f6lge M\u00fcd\u00fcrl\u00fc\u011fa, Turkey, Nov 2012<\/address><address>IAF Global Flipchart August 2012<\/address><address>IAF Global Flipchart June 2012<\/address><address><a href=\"http:\/\/mobilis.co.rs\/wp-content\/uploads\/2012\/05\/newsletter_november_11.pdf\" target=\"_blank\" rel=\"noopener noreferrer\">IAF Newsletter November 2011<\/a>\u00a0(page 20)<\/address><address><a title=\"EMCC Newsletter Dec 2010\" href=\"http:\/\/www.emccouncil.org\/webimages\/EMCC\/newsletters\/EMCC_Newsletter_Winter_2010.pdf\" target=\"_blank\" rel=\"noopener noreferrer\">EMCC Newsletter<\/a>\u00a0(EIA&amp;EQA news),\u00a0Winter 2010 (page 4)<\/address><address>Nobco News, Netherlands, July 2010<\/address><address>Atom-wave News, Greece, 2010<\/address><address><a href=\"http:\/\/mobilis.co.rs\/wp-content\/uploads\/2012\/02\/Mediation-Heft-2-2010-Art-Milosevic-und-Djuric.pdf\" target=\"_blank\" rel=\"noopener\">Mediation Heft <\/a> Austria, 2010<\/address><address>Innovation Centre News, BiH, May 2010<\/address><address>Balkans.com-Business News 2010<\/address><address><a href=\"http:\/\/mobilis.co.rs\/wp-content\/uploads\/2012\/02\/IAF-newsletter_july2009.pdf\" target=\"_blank\" rel=\"noopener noreferrer\">IAF newsletter july 2009<\/a><\/address><address><a href=\"http:\/\/mobilis.co.rs\/wp-content\/uploads\/2012\/04\/Global-IAF-newsletter-mobilis-article-dec2008.pdf\" target=\"_blank\" rel=\"noopener noreferrer\">Global IAF newsletter mobilis article dec2008<\/a><\/address><address>\u00a0<\/address>\n<p><strong>National<\/strong><\/p>\n<address><a href=\"http:\/\/www.bizlife.rs\/vesti\/59257-coaching-u-srbiji-otkljucati-potencijal-svakog-pojedinca\" target=\"_blank\" rel=\"noopener noreferrer\">BizLife-&#8220;Coaching u Srbiji-otklju\u010dati potencijal svakog pojedinca&#8221;<\/a><\/address><address><a href=\"http:\/\/www.bizlife.rs\/vesti\/53094-leksikon-poslovne-srpske-zene-sladana-milosevic\/\" target=\"_blank\" rel=\"noopener noreferrer\">BizLife &#8211; Leksikon poslovne srpske \u017eene<\/a><\/address><address><a href=\"http:\/\/mobilis.co.rs\/wp-content\/uploads\/2012\/02\/Pages-from-946vreme-poslovne-zene.pdf\" target=\"_blank\" rel=\"noopener noreferrer\">Magazin &#8220;VREME&#8221; <\/a><\/address><address><a href=\"http:\/\/mobilis.co.rs\/wp-content\/uploads\/2012\/02\/Profit-Magazin-mobilis-dec2008.pdf\" target=\"_blank\" rel=\"noopener noreferrer\">Magazin &#8220;Profit&#8221;<\/a><\/address><address><a href=\"http:\/\/mobilis.co.rs\/wp-content\/uploads\/2012\/02\/Magazin-Preduzece-sept2009.pdf\" target=\"_blank\" rel=\"noopener noreferrer\">Magazin &#8220;Preduzece&#8221; <\/a><\/address><address><a href=\"http:\/\/mobilis.co.rs\/wp-content\/uploads\/2012\/05\/politika-fb-1.pdf\" target=\"_blank\" rel=\"noopener noreferrer\">POLITIKA<\/a>\u00a0(citat iz receznije)<\/address><address><a href=\"http:\/\/mobilis.co.rs\/wp-content\/uploads\/2012\/02\/mobilis-mensa-press-clip.pdf\" target=\"_blank\" rel=\"noopener noreferrer\">MENSA<\/a><\/address>\n\n\n<p><\/p>\n","protected":false},"excerpt":{"rendered":"<p>International Bolu\u00a0Orman\u00a0Audit, Turkey,\u00a0November 2013 Pomurec, Slovenia, October 2014 Bursa Orman B\u00f6lge M\u00fcd\u00fcrl\u00fc\u011f\u00fc, Turkey, June 2013 IAF Newsletter February\u00a02013 (page 10) Kastamonu Orman B\u00f6lge M\u00fcd\u00fcrl\u00fc\u011fa, Turkey, Nov 2012 IAF Global Flipchart August 2012 IAF Global Flipchart June 2012 IAF Newsletter November &hellip; <a href=\"https:\/\/mobilis.co.rs\/?page_id=313\">Continue reading <span class=\"meta-nav\">&rarr;<\/span><\/a><\/p>\n","protected":false},"author":2,"featured_media":0,"parent":27,"menu_order":5,"comment_status":"closed","ping_status":"closed","template":"","meta":{"footnotes":""},"class_list":["post-313","page","type-page","status-publish","hentry"],"_links":{"self":[{"href":"https:\/\/mobilis.co.rs\/index.php?rest_route=\/wp\/v2\/pages\/313"}],"collection":[{"href":"https:\/\/mobilis.co.rs\/index.php?rest_route=\/wp\/v2\/pages"}],"about":[{"href":"https:\/\/mobilis.co.rs\/index.php?rest_route=\/wp\/v2\/types\/page"}],"author":[{"embeddable":true,"href":"https:\/\/mobilis.co.rs\/index.php?rest_route=\/wp\/v2\/users\/2"}],"replies":[{"embeddable":true,"href":"https:\/\/mobilis.co.rs\/index.php?rest_route=%2Fwp%2Fv2%2Fcomments&post=313"}],"version-history":[{"count":42,"href":"https:\/\/mobilis.co.rs\/index.php?rest_route=\/wp\/v2\/pages\/313\/revisions"}],"predecessor-version":[{"id":1410,"href":"https:\/\/mobilis.co.rs\/index.php?rest_route=\/wp\/v2\/pages\/313\/revisions\/1410"}],"up":[{"embeddable":true,"href":"https:\/\/mobilis.co.rs\/index.php?rest_route=\/wp\/v2\/pages\/27"}],"wp:attachment":[{"href":"https:\/\/mobilis.co.rs\/index.php?rest_route=%2Fwp%2Fv2%2Fmedia&parent=313"}],"curies":[{"name":"wp","href":"https:\/\/api.w.org\/{rel}","templated":true}]}}